{"id":12,"date":"2018-02-17T20:56:05","date_gmt":"2018-02-17T19:56:05","guid":{"rendered":"http:\/\/sculpture1940.com\/?page_id=12"},"modified":"2019-07-07T22:41:46","modified_gmt":"2019-07-07T20:41:46","slug":"biographie","status":"publish","type":"page","link":"https:\/\/sculpture1940.com\/?page_id=12","title":{"rendered":"BIOGRAPHIES"},"content":{"rendered":"\t\t\r\n\t\t\t\t<style>\r\n\t\t\t\t\t.infobox_main_container{\r\n\tdisplay:block;\r\n\toverflow:hidden;\r\n\twidth:100%;\r\n\tpadding-top:10px;\r\n\tpadding-bottom:10px;\r\n}\r\n#infobox_main_container_142 .wpsm_panel {\r\n\tmargin-bottom: 0px !important;\r\n\t\r\n\t\tborder: 2px solid #d9d9d9;\r\n\t\t\r\n\t\tborder-radius: 4px;\r\n\t\t\t-webkit-box-shadow: 0 0 20px rgba(0,0,0,.2);\r\n\tbox-shadow: 0 0 20px rgba(0,0,0,.2);\r\n\t   \r\n\t\tbackground:#eaeaea;\r\n}\r\n\r\n#infobox_main_container_142 .wpsm_panel-default > .wpsm_panel-heading {\r\n\tborder-color: rgba(0,0,0,0.05);\r\n\tborder-top-left-radius: 0px;\r\n\tborder-top-right-radius: 0px;\r\n\tcolor:#5e5e5e;\r\n\tbackground-color:transparent !important;\r\n\tpadding:15px 15px;\r\n\ttext-align:center;\r\n\t}\r\n\r\n#infobox_main_container_142 .infobox_singel_box{\r\n  margin-bottom:20px !important;\r\n\t  padding-top: 5px;\r\n}\r\n#infobox_main_container_142 .wpsm_panel-title{\r\n\tmargin-top: 0 !important;\r\n\tmargin-bottom: 0 !important;\r\n\tfont-size: 16px !important;\r\n\tfont-family: Open Sans !important;\r\n\tword-wrap:break-word;\r\n\t\r\n\r\n}\r\n#infobox_main_container_142 .wpsm_panel-title span{\r\n\tfont-size: 16px !important;\r\n\tvertical-align: middle;\r\n\t\r\n}\r\n#infobox_main_container_142 .wpsm_panel-body{\r\n\tcolor: #5e5e5e !important;\r\n\tfont-size:12px !important;\r\n\tfont-family: Open Sans !important;\r\n\toverflow:hidden;\r\n\ttext-align:center;\r\n\tbackground-color:transparent !important;\r\n}\r\n\r\n\r\n\r\n\r\n@media (max-width: 992px){\r\n\t.infobox_singel_box{ \r\n\t\twidth:50% !important;\r\n\t}\r\n}\r\n@media (max-width: 786px){\r\n\t.infobox_singel_box{ \r\n\t\twidth:100% !important;\r\n\t}\r\n}\r\n\r\n.wpsm_row{\r\n\toverflow:hidden;\r\n\tdisplay:block;\r\n\twidth:100%;\r\n}\t\t\t\t<\/style>\r\n\t\t\t\t<div id=\"infobox_main_container_142\" style=\"infobox_main_container\">\r\n\t\t\t\t\t<div class=\"wpsm_row\">  \r\n\t\t\t\t\t\t\t\t\t\t<div class=\" wpsm_col-md-6 wpsm_col-sm-6 infobox_singel_box\">\r\n\t\t\t\t\t\t<div class=\"wpsm_panel wpsm_panel-default wpsm_panel_default_142 \">\r\n\t\t\t\t\t\t  \r\n\t\t\t\t\t\t  <div class=\"wpsm_panel-heading\">\r\n\t\t\t\t\t\t\t<h3 class=\"wpsm_panel-title\">\r\n\t\t\t\t\t\t\t\"SCULPTEURS DE CE TEMPS\" de Jacques Baschet<\/h3>\r\n\t\t\t\t\t\t  <\/div> \r\n\t\t\t\t\t\t\t\t\t\t\t\t \r\n\t\t\t\t\t\t <div class=\"wpsm_panel-body\">\r\n\t\t\t\t\t\t\t<h3 style=\"text-align: center;\"><img class=\"aligncenter wp-image-109 size-thumbnail colorbox-142\" src=\"http:\/\/sculpture1940.com\/wp-content\/uploads\/2018\/02\/baschet-1-150x150.jpg\" alt=\"\" width=\"150\" height=\"150\" \/><a href=\"http:\/\/sculpture1940.com\/wp-content\/uploads\/2018\/02\/Sculpteurs-de-ce-temps.pdf\">Lire<\/a><\/h3>\t\t\t\t\t\t  <\/div>\r\n\t\t\t\t\t\t   \r\n\t\t\t\t\t\t<\/div>\r\n\t\t\t\t\t<\/div>\r\n\t\t\t\t\t\t\t\t\t\t<div class=\" wpsm_col-md-6 wpsm_col-sm-6 infobox_singel_box\">\r\n\t\t\t\t\t\t<div class=\"wpsm_panel wpsm_panel-default wpsm_panel_default_142 \">\r\n\t\t\t\t\t\t  \r\n\t\t\t\t\t\t  <div class=\"wpsm_panel-heading\">\r\n\t\t\t\t\t\t\t<h3 class=\"wpsm_panel-title\">\r\n\t\t\t\t\t\t\tLes Huit chefs-d\u2019\u0153uvre du parvis des Droits de l\u2019homme.<\/h3>\r\n\t\t\t\t\t\t  <\/div> \r\n\t\t\t\t\t\t\t\t\t\t\t\t \r\n\t\t\t\t\t\t <div class=\"wpsm_panel-body\">\r\n\t\t\t\t\t\t\t<img class=\"aligncenter wp-image-246 size-thumbnail colorbox-142\" src=\"http:\/\/sculpture1940.com\/wp-content\/uploads\/2018\/02\/img_3563-copie-850-150x150.jpg\" alt=\"\" width=\"150\" height=\"150\" \/>\r\n<h3 style=\"text-align: center;\"><a href=\"http:\/\/sculpture1940.com\/wp-content\/uploads\/2018\/02\/Statues-Trocadero.pdf\">Lire<\/a><\/h3>\t\t\t\t\t\t  <\/div>\r\n\t\t\t\t\t\t   \r\n\t\t\t\t\t\t<\/div>\r\n\t\t\t\t\t<\/div>\r\n\t\t\t\t\t\t\t\t\t\t\t<\/div>\r\n\t\t\t\t\t\t<div class=\"wpsm_row\">\r\n\t\t\t\t\t\t\t\t\t\t\t<div class=\" wpsm_col-md-6 wpsm_col-sm-6 infobox_singel_box\">\r\n\t\t\t\t\t\t<div class=\"wpsm_panel wpsm_panel-default wpsm_panel_default_142 \">\r\n\t\t\t\t\t\t  \r\n\t\t\t\t\t\t  <div class=\"wpsm_panel-heading\">\r\n\t\t\t\t\t\t\t<h3 class=\"wpsm_panel-title\">\r\n\t\t\t\t\t\t\tMAILLOL Aristide<\/h3>\r\n\t\t\t\t\t\t  <\/div> \r\n\t\t\t\t\t\t\t\t\t\t\t\t \r\n\t\t\t\t\t\t <div class=\"wpsm_panel-body\">\r\n\t\t\t\t\t\t\t<div id=\"attachment_329\" style=\"width: 160px\" class=\"wp-caption aligncenter\"><img aria-describedby=\"caption-attachment-329\" class=\"wp-image-329 size-thumbnail colorbox-142\" src=\"http:\/\/sculpture1940.com\/wp-content\/uploads\/2018\/02\/MAILLOLAristide-e1519424038249-150x150.jpg\" alt=\"\" width=\"150\" height=\"150\" \/><p id=\"caption-attachment-329\" class=\"wp-caption-text\">(1861-1944)<\/p><\/div>\r\n<h3 style=\"text-align: center;\"><a href=\"http:\/\/sculpture1940.com\/wp-content\/uploads\/2018\/03\/Aristide-MAILLOL.pdf\">Lire<\/a><\/h3>\t\t\t\t\t\t  <\/div>\r\n\t\t\t\t\t\t   \r\n\t\t\t\t\t\t<\/div>\r\n\t\t\t\t\t<\/div>\r\n\t\t\t\t\t\t\t\t\t\t<div class=\" wpsm_col-md-6 wpsm_col-sm-6 infobox_singel_box\">\r\n\t\t\t\t\t\t<div class=\"wpsm_panel wpsm_panel-default wpsm_panel_default_142 \">\r\n\t\t\t\t\t\t  \r\n\t\t\t\t\t\t  <div class=\"wpsm_panel-heading\">\r\n\t\t\t\t\t\t\t<h3 class=\"wpsm_panel-title\">\r\n\t\t\t\t\t\t\tDESPIAU Charles<\/h3>\r\n\t\t\t\t\t\t  <\/div> \r\n\t\t\t\t\t\t\t\t\t\t\t\t \r\n\t\t\t\t\t\t <div class=\"wpsm_panel-body\">\r\n\t\t\t\t\t\t\t<div id=\"attachment_330\" style=\"width: 160px\" class=\"wp-caption aligncenter\"><img aria-describedby=\"caption-attachment-330\" class=\"wp-image-330 size-thumbnail colorbox-142\" src=\"http:\/\/sculpture1940.com\/wp-content\/uploads\/2018\/02\/unnamed-e1519424232968-150x150.jpg\" alt=\"\" width=\"150\" height=\"150\" \/><p id=\"caption-attachment-330\" class=\"wp-caption-text\">(1874-1946)<\/p><\/div>\r\n<h3 style=\"text-align: center;\"><a href=\"http:\/\/sculpture1940.com\/wp-content\/uploads\/2018\/03\/DESPIAU-Charles-Jacques-Baschet.pdf\">Lire<\/a><\/h3>\t\t\t\t\t\t  <\/div>\r\n\t\t\t\t\t\t   \r\n\t\t\t\t\t\t<\/div>\r\n\t\t\t\t\t<\/div>\r\n\t\t\t\t\t\t\t\t\t\t\t<\/div>\r\n\t\t\t\t\t\t<div class=\"wpsm_row\">\r\n\t\t\t\t\t\t\t\t\t\t\t<div class=\" wpsm_col-md-6 wpsm_col-sm-6 infobox_singel_box\">\r\n\t\t\t\t\t\t<div class=\"wpsm_panel wpsm_panel-default wpsm_panel_default_142 \">\r\n\t\t\t\t\t\t  \r\n\t\t\t\t\t\t  <div class=\"wpsm_panel-heading\">\r\n\t\t\t\t\t\t\t<h3 class=\"wpsm_panel-title\">\r\n\t\t\t\t\t\t\tDRIVIER L\u00e9on-Ernest<\/h3>\r\n\t\t\t\t\t\t  <\/div> \r\n\t\t\t\t\t\t\t\t\t\t\t\t \r\n\t\t\t\t\t\t <div class=\"wpsm_panel-body\">\r\n\t\t\t\t\t\t\t<div id=\"attachment_331\" style=\"width: 160px\" class=\"wp-caption aligncenter\"><img aria-describedby=\"caption-attachment-331\" class=\"wp-image-331 size-thumbnail colorbox-142\" src=\"http:\/\/sculpture1940.com\/wp-content\/uploads\/2018\/02\/DRIVIER-150x150.jpg\" alt=\"\" width=\"150\" height=\"150\" \/><p id=\"caption-attachment-331\" class=\"wp-caption-text\">(1878-1951)<\/p><\/div>\r\n<h3 style=\"text-align: center;\"><a href=\"http:\/\/sculpture1940.com\/wp-content\/uploads\/2018\/03\/L\u00e9on-DRIVIER.pdf\">Lire<\/a><\/h3>\t\t\t\t\t\t  <\/div>\r\n\t\t\t\t\t\t   \r\n\t\t\t\t\t\t<\/div>\r\n\t\t\t\t\t<\/div>\r\n\t\t\t\t\t\t\t\t\t\t<div class=\" wpsm_col-md-6 wpsm_col-sm-6 infobox_singel_box\">\r\n\t\t\t\t\t\t<div class=\"wpsm_panel wpsm_panel-default wpsm_panel_default_142 \">\r\n\t\t\t\t\t\t  \r\n\t\t\t\t\t\t  <div class=\"wpsm_panel-heading\">\r\n\t\t\t\t\t\t\t<h3 class=\"wpsm_panel-title\">\r\n\t\t\t\t\t\t\tJANNIOT Alfred<\/h3>\r\n\t\t\t\t\t\t  <\/div> \r\n\t\t\t\t\t\t\t\t\t\t\t\t \r\n\t\t\t\t\t\t <div class=\"wpsm_panel-body\">\r\n\t\t\t\t\t\t\t<div id=\"attachment_157\" style=\"width: 160px\" class=\"wp-caption aligncenter\"><img aria-describedby=\"caption-attachment-157\" class=\"wp-image-157 size-thumbnail colorbox-142\" src=\"http:\/\/sculpture1940.com\/wp-content\/uploads\/2018\/02\/JANNIOT-150x150.jpg\" alt=\"\" width=\"150\" height=\"150\" \/><p id=\"caption-attachment-157\" class=\"wp-caption-text\">(1889-1969)<\/p><\/div>\r\n<h3 style=\"text-align: center;\"><a href=\"http:\/\/sculpture1940.com\/wp-content\/uploads\/2018\/02\/Alfred-JANNIOT.pdf\">Lire<\/a><\/h3>\t\t\t\t\t\t  <\/div>\r\n\t\t\t\t\t\t   \r\n\t\t\t\t\t\t<\/div>\r\n\t\t\t\t\t<\/div>\r\n\t\t\t\t\t\t\t\t\t\t\t<\/div>\r\n\t\t\t\t\t\t<div class=\"wpsm_row\">\r\n\t\t\t\t\t\t\t\t\t\t\t<div class=\" wpsm_col-md-6 wpsm_col-sm-6 infobox_singel_box\">\r\n\t\t\t\t\t\t<div class=\"wpsm_panel wpsm_panel-default wpsm_panel_default_142 \">\r\n\t\t\t\t\t\t  \r\n\t\t\t\t\t\t  <div class=\"wpsm_panel-heading\">\r\n\t\t\t\t\t\t\t<h3 class=\"wpsm_panel-title\">\r\n\t\t\t\t\t\t\tPOISSON Pierre-Marie<\/h3>\r\n\t\t\t\t\t\t  <\/div> \r\n\t\t\t\t\t\t\t\t\t\t\t\t \r\n\t\t\t\t\t\t <div class=\"wpsm_panel-body\">\r\n\t\t\t\t\t\t\t<div id=\"attachment_332\" style=\"width: 160px\" class=\"wp-caption aligncenter\"><img aria-describedby=\"caption-attachment-332\" class=\"wp-image-332 size-thumbnail colorbox-142\" src=\"http:\/\/sculpture1940.com\/wp-content\/uploads\/2018\/02\/poisson-e1519424516237-150x150.jpg\" alt=\"\" width=\"150\" height=\"150\" \/><p id=\"caption-attachment-332\" class=\"wp-caption-text\">(1876-1963)<\/p><\/div>\r\n<h3 style=\"text-align: center;\"><a href=\"http:\/\/sculpture1940.com\/wp-content\/uploads\/2018\/02\/Pierre-Marie-POISSON.pdf\">Lire<\/a><\/h3>\t\t\t\t\t\t  <\/div>\r\n\t\t\t\t\t\t   \r\n\t\t\t\t\t\t<\/div>\r\n\t\t\t\t\t<\/div>\r\n\t\t\t\t\t\t\t\t\t\t<div class=\" wpsm_col-md-6 wpsm_col-sm-6 infobox_singel_box\">\r\n\t\t\t\t\t\t<div class=\"wpsm_panel wpsm_panel-default wpsm_panel_default_142 \">\r\n\t\t\t\t\t\t  \r\n\t\t\t\t\t\t  <div class=\"wpsm_panel-heading\">\r\n\t\t\t\t\t\t\t<h3 class=\"wpsm_panel-title\">\r\n\t\t\t\t\t\t\tLANDOWSKI Paul<\/h3>\r\n\t\t\t\t\t\t  <\/div> \r\n\t\t\t\t\t\t\t\t\t\t\t\t \r\n\t\t\t\t\t\t <div class=\"wpsm_panel-body\">\r\n\t\t\t\t\t\t\t<div id=\"attachment_333\" style=\"width: 160px\" class=\"wp-caption aligncenter\"><img aria-describedby=\"caption-attachment-333\" class=\"wp-image-333 size-thumbnail colorbox-142\" src=\"http:\/\/sculpture1940.com\/wp-content\/uploads\/2018\/02\/landowski-e1519424663313-150x150.jpg\" alt=\"\" width=\"150\" height=\"150\" \/><p id=\"caption-attachment-333\" class=\"wp-caption-text\">(1875-1961)<\/p><\/div>\r\n<h3 style=\"text-align: center;\"><a href=\"https:\/\/www.merveilles-du-monde.com\/Christ-redempteur\/Paul-Landowski.php\">Lire<\/a><\/h3>\t\t\t\t\t\t  <\/div>\r\n\t\t\t\t\t\t   \r\n\t\t\t\t\t\t<\/div>\r\n\t\t\t\t\t<\/div>\r\n\t\t\t\t\t\t\t\t\t\t\t<\/div>\r\n\t\t\t\t\t\t<div class=\"wpsm_row\">\r\n\t\t\t\t\t\t\t\t\t\t\t<div class=\" wpsm_col-md-6 wpsm_col-sm-6 infobox_singel_box\">\r\n\t\t\t\t\t\t<div class=\"wpsm_panel wpsm_panel-default wpsm_panel_default_142 \">\r\n\t\t\t\t\t\t  \r\n\t\t\t\t\t\t  <div class=\"wpsm_panel-heading\">\r\n\t\t\t\t\t\t\t<h3 class=\"wpsm_panel-title\">\r\n\t\t\t\t\t\t\tWL\u00c9RICK Robert<\/h3>\r\n\t\t\t\t\t\t  <\/div> \r\n\t\t\t\t\t\t\t\t\t\t\t\t \r\n\t\t\t\t\t\t <div class=\"wpsm_panel-body\">\r\n\t\t\t\t\t\t\t<div id=\"attachment_334\" style=\"width: 160px\" class=\"wp-caption aligncenter\"><img aria-describedby=\"caption-attachment-334\" class=\"wp-image-334 size-thumbnail colorbox-142\" src=\"http:\/\/sculpture1940.com\/wp-content\/uploads\/2018\/02\/WLERICK1-150x150.jpg\" alt=\"\" width=\"150\" height=\"150\" \/><p id=\"caption-attachment-334\" class=\"wp-caption-text\">( 1882-1944)<\/p><\/div>\r\n<h3 style=\"text-align: center;\"><a href=\"http:\/\/sculpture1940.com\/wp-content\/uploads\/2018\/03\/Robert-WLERICK_01.pdf\">Lire<\/a><\/h3>\t\t\t\t\t\t  <\/div>\r\n\t\t\t\t\t\t   \r\n\t\t\t\t\t\t<\/div>\r\n\t\t\t\t\t<\/div>\r\n\t\t\t\t\t\t\t\t\t\t<div class=\" wpsm_col-md-6 wpsm_col-sm-6 infobox_singel_box\">\r\n\t\t\t\t\t\t<div class=\"wpsm_panel wpsm_panel-default wpsm_panel_default_142 \">\r\n\t\t\t\t\t\t  \r\n\t\t\t\t\t\t  <div class=\"wpsm_panel-heading\">\r\n\t\t\t\t\t\t\t<h3 class=\"wpsm_panel-title\">\r\n\t\t\t\t\t\t\tMARTIN Raymond<\/h3>\r\n\t\t\t\t\t\t  <\/div> \r\n\t\t\t\t\t\t\t\t\t\t\t\t \r\n\t\t\t\t\t\t <div class=\"wpsm_panel-body\">\r\n\t\t\t\t\t\t\t<div id=\"attachment_416\" style=\"width: 160px\" class=\"wp-caption aligncenter\"><img aria-describedby=\"caption-attachment-416\" class=\"wp-image-416 size-thumbnail colorbox-142\" src=\"http:\/\/sculpture1940.com\/wp-content\/uploads\/2018\/02\/Martin-150x150.png\" alt=\"\" width=\"150\" height=\"150\" \/><p id=\"caption-attachment-416\" class=\"wp-caption-text\">(1910-1992)<\/p><\/div>\r\n<h3 style=\"text-align: center;\"><a href=\"http:\/\/sculpture1940.com\/wp-content\/uploads\/2018\/03\/RaymondMartin.pdf\">Lire<\/a><\/h3>\t\t\t\t\t\t  <\/div>\r\n\t\t\t\t\t\t   \r\n\t\t\t\t\t\t<\/div>\r\n\t\t\t\t\t<\/div>\r\n\t\t\t\t\t\t\t\t\t\t\t<\/div>\r\n\t\t\t\t\t\t<div class=\"wpsm_row\">\r\n\t\t\t\t\t\t\t\t\t\t\t<div class=\" wpsm_col-md-6 wpsm_col-sm-6 infobox_singel_box\">\r\n\t\t\t\t\t\t<div class=\"wpsm_panel wpsm_panel-default wpsm_panel_default_142 \">\r\n\t\t\t\t\t\t  \r\n\t\t\t\t\t\t  <div class=\"wpsm_panel-heading\">\r\n\t\t\t\t\t\t\t<h3 class=\"wpsm_panel-title\">\r\n\t\t\t\t\t\t\tNICLAUSSE Paul-Fran\u00e7ois<\/h3>\r\n\t\t\t\t\t\t  <\/div> \r\n\t\t\t\t\t\t\t\t\t\t\t\t \r\n\t\t\t\t\t\t <div class=\"wpsm_panel-body\">\r\n\t\t\t\t\t\t\t<div id=\"attachment_335\" style=\"width: 160px\" class=\"wp-caption aligncenter\"><img aria-describedby=\"caption-attachment-335\" class=\"wp-image-335 size-thumbnail colorbox-142\" src=\"http:\/\/sculpture1940.com\/wp-content\/uploads\/2018\/02\/niclausse-e1519424867439-150x150.jpg\" alt=\"\" width=\"150\" height=\"150\" \/><p id=\"caption-attachment-335\" class=\"wp-caption-text\">(1879-1958)<\/p><\/div>\r\n<h3 style=\"text-align: center;\"><a href=\"http:\/\/sculpture1940.com\/wp-content\/uploads\/2018\/03\/Niclausse-Paris-Parvis-des-Droits-de-lHomme-Statue-Le-Printemps-par-Paul-Niclausse-Mouette-rieuse-by-Thierry-Lar\u00e8re.jpg\">Lire<\/a><\/h3>\t\t\t\t\t\t  <\/div>\r\n\t\t\t\t\t\t   \r\n\t\t\t\t\t\t<\/div>\r\n\t\t\t\t\t<\/div>\r\n\t\t\t\t\t\t\t\t\t\t<div class=\" wpsm_col-md-6 wpsm_col-sm-6 infobox_singel_box\">\r\n\t\t\t\t\t\t<div class=\"wpsm_panel wpsm_panel-default wpsm_panel_default_142 \">\r\n\t\t\t\t\t\t  \r\n\t\t\t\t\t\t  <div class=\"wpsm_panel-heading\">\r\n\t\t\t\t\t\t\t<h3 class=\"wpsm_panel-title\">\r\n\t\t\t\t\t\t\tDEJEAN Louis<\/h3>\r\n\t\t\t\t\t\t  <\/div> \r\n\t\t\t\t\t\t\t\t\t\t\t\t \r\n\t\t\t\t\t\t <div class=\"wpsm_panel-body\">\r\n\t\t\t\t\t\t\t<div id=\"attachment_168\" style=\"width: 160px\" class=\"wp-caption aligncenter\"><img aria-describedby=\"caption-attachment-168\" class=\"wp-image-168 size-thumbnail colorbox-142\" src=\"http:\/\/sculpture1940.com\/wp-content\/uploads\/2018\/02\/photo-louis-dejean_orig-150x150.jpg\" alt=\"\" width=\"150\" height=\"150\" \/><p id=\"caption-attachment-168\" class=\"wp-caption-text\">(1872-1953)<\/p><\/div>\r\n<h3 style=\"text-align: center;\"><a href=\"https:\/\/www.lasocietenouvelle.net\/louis-dejean.html\">Lire<\/a><\/h3>\t\t\t\t\t\t  <\/div>\r\n\t\t\t\t\t\t   \r\n\t\t\t\t\t\t<\/div>\r\n\t\t\t\t\t<\/div>\r\n\t\t\t\t\t\t\t\t\t\t\t<\/div>\r\n\t\t\t\t\t\t<div class=\"wpsm_row\">\r\n\t\t\t\t\t\t\t\t\t\t\t<div class=\" wpsm_col-md-6 wpsm_col-sm-6 infobox_singel_box\">\r\n\t\t\t\t\t\t<div class=\"wpsm_panel wpsm_panel-default wpsm_panel_default_142 \">\r\n\t\t\t\t\t\t  \r\n\t\t\t\t\t\t  <div class=\"wpsm_panel-heading\">\r\n\t\t\t\t\t\t\t<h3 class=\"wpsm_panel-title\">\r\n\t\t\t\t\t\t\tYENCESSE Hubert<\/h3>\r\n\t\t\t\t\t\t  <\/div> \r\n\t\t\t\t\t\t\t\t\t\t\t\t \r\n\t\t\t\t\t\t <div class=\"wpsm_panel-body\">\r\n\t\t\t\t\t\t\t<div id=\"attachment_336\" style=\"width: 160px\" class=\"wp-caption aligncenter\"><img aria-describedby=\"caption-attachment-336\" class=\"wp-image-336 size-thumbnail colorbox-142\" src=\"http:\/\/sculpture1940.com\/wp-content\/uploads\/2018\/02\/yencesse-e1519424965374-150x150.jpg\" alt=\"\" width=\"150\" height=\"150\" \/><p id=\"caption-attachment-336\" class=\"wp-caption-text\">(1900-1987)<\/p><\/div>\r\n<h3 style=\"text-align: center;\"><a href=\"http:\/\/www.artnet.fr\/artistes\/hubert-yencesse\/\">Lire<\/a><\/h3>\t\t\t\t\t\t  <\/div>\r\n\t\t\t\t\t\t   \r\n\t\t\t\t\t\t<\/div>\r\n\t\t\t\t\t<\/div>\r\n\t\t\t\t\t\t\t\t\t\t<div class=\" wpsm_col-md-6 wpsm_col-sm-6 infobox_singel_box\">\r\n\t\t\t\t\t\t<div class=\"wpsm_panel wpsm_panel-default wpsm_panel_default_142 \">\r\n\t\t\t\t\t\t  \r\n\t\t\t\t\t\t  <div class=\"wpsm_panel-heading\">\r\n\t\t\t\t\t\t\t<h3 class=\"wpsm_panel-title\">\r\n\t\t\t\t\t\t\tTRAVERSE Pierre<\/h3>\r\n\t\t\t\t\t\t  <\/div> \r\n\t\t\t\t\t\t\t\t\t\t\t\t \r\n\t\t\t\t\t\t <div class=\"wpsm_panel-body\">\r\n\t\t\t\t\t\t\t<div id=\"attachment_337\" style=\"width: 160px\" class=\"wp-caption aligncenter\"><img aria-describedby=\"caption-attachment-337\" class=\"wp-image-337 size-thumbnail colorbox-142\" src=\"http:\/\/sculpture1940.com\/wp-content\/uploads\/2018\/02\/traverse-150x150.jpg\" alt=\"\" width=\"150\" height=\"150\" \/><p id=\"caption-attachment-337\" class=\"wp-caption-text\">(1892-1979)<\/p><\/div>\r\n<h3 style=\"text-align: center;\"><a href=\"https:\/\/www.pinterest.fr\/marc3001\/pierre-traverse-1892-1979\/\">Lire<\/a><\/h3>\t\t\t\t\t\t  <\/div>\r\n\t\t\t\t\t\t   \r\n\t\t\t\t\t\t<\/div>\r\n\t\t\t\t\t<\/div>\r\n\t\t\t\t\t\t\t\t\t\t\t<\/div>\r\n\t\t\t\t\t\t<div class=\"wpsm_row\">\r\n\t\t\t\t\t\t\t\t\t\t\t<div class=\" wpsm_col-md-6 wpsm_col-sm-6 infobox_singel_box\">\r\n\t\t\t\t\t\t<div class=\"wpsm_panel wpsm_panel-default wpsm_panel_default_142 \">\r\n\t\t\t\t\t\t  \r\n\t\t\t\t\t\t  <div class=\"wpsm_panel-heading\">\r\n\t\t\t\t\t\t\t<h3 class=\"wpsm_panel-title\">\r\n\t\t\t\t\t\t\tOSOUF Jean<\/h3>\r\n\t\t\t\t\t\t  <\/div> \r\n\t\t\t\t\t\t\t\t\t\t\t\t \r\n\t\t\t\t\t\t <div class=\"wpsm_panel-body\">\r\n\t\t\t\t\t\t\t<div id=\"attachment_338\" style=\"width: 160px\" class=\"wp-caption aligncenter\"><img aria-describedby=\"caption-attachment-338\" class=\"wp-image-338 size-thumbnail colorbox-142\" src=\"http:\/\/sculpture1940.com\/wp-content\/uploads\/2018\/02\/osouf-150x150.jpg\" alt=\"\" width=\"150\" height=\"150\" \/><p id=\"caption-attachment-338\" class=\"wp-caption-text\">(1898-1996)<\/p><\/div>\r\n<h3 style=\"text-align: center;\"><a href=\"http:\/\/www.notrehistoire.ch\/medias\/2500\">Lire<\/a><\/h3>\t\t\t\t\t\t  <\/div>\r\n\t\t\t\t\t\t   \r\n\t\t\t\t\t\t<\/div>\r\n\t\t\t\t\t<\/div>\r\n\t\t\t\t\t\t\t\t\t\t<div class=\" wpsm_col-md-6 wpsm_col-sm-6 infobox_singel_box\">\r\n\t\t\t\t\t\t<div class=\"wpsm_panel wpsm_panel-default wpsm_panel_default_142 \">\r\n\t\t\t\t\t\t  \r\n\t\t\t\t\t\t  <div class=\"wpsm_panel-heading\">\r\n\t\t\t\t\t\t\t<h3 class=\"wpsm_panel-title\">\r\n\t\t\t\t\t\t\tCORNET Paul<\/h3>\r\n\t\t\t\t\t\t  <\/div> \r\n\t\t\t\t\t\t\t\t\t\t\t\t \r\n\t\t\t\t\t\t <div class=\"wpsm_panel-body\">\r\n\t\t\t\t\t\t\t<div id=\"attachment_339\" style=\"width: 160px\" class=\"wp-caption aligncenter\"><img aria-describedby=\"caption-attachment-339\" class=\"wp-image-339 size-thumbnail colorbox-142\" src=\"http:\/\/sculpture1940.com\/wp-content\/uploads\/2018\/02\/cornet-150x150.jpg\" alt=\"\" width=\"150\" height=\"150\" \/><p id=\"caption-attachment-339\" class=\"wp-caption-text\">(1892-1977)<\/p><\/div>\r\n<h3 style=\"text-align: center;\"><a href=\"http:\/\/sculpture1940.com\/wp-content\/uploads\/2018\/03\/Paul-CORNET.pdf\">Lire<\/a><\/h3>\t\t\t\t\t\t  <\/div>\r\n\t\t\t\t\t\t   \r\n\t\t\t\t\t\t<\/div>\r\n\t\t\t\t\t<\/div>\r\n\t\t\t\t\t\t\t\t\t\t\t<\/div>\r\n\t\t\t\t\t\t<div class=\"wpsm_row\">\r\n\t\t\t\t\t\t\t\t\t\t\t<div class=\" wpsm_col-md-6 wpsm_col-sm-6 infobox_singel_box\">\r\n\t\t\t\t\t\t<div class=\"wpsm_panel wpsm_panel-default wpsm_panel_default_142 \">\r\n\t\t\t\t\t\t  \r\n\t\t\t\t\t\t  <div class=\"wpsm_panel-heading\">\r\n\t\t\t\t\t\t\t<h3 class=\"wpsm_panel-title\">\r\n\t\t\t\t\t\t\tBELMONDO Paul<\/h3>\r\n\t\t\t\t\t\t  <\/div> \r\n\t\t\t\t\t\t\t\t\t\t\t\t \r\n\t\t\t\t\t\t <div class=\"wpsm_panel-body\">\r\n\t\t\t\t\t\t\t<div id=\"attachment_312\" style=\"width: 160px\" class=\"wp-caption aligncenter\"><img aria-describedby=\"caption-attachment-312\" class=\"wp-image-312 size-thumbnail colorbox-142\" src=\"http:\/\/sculpture1940.com\/wp-content\/uploads\/2018\/02\/belmondo-e1519419004561-150x150.jpg\" alt=\"\" width=\"150\" height=\"150\" \/><p id=\"caption-attachment-312\" class=\"wp-caption-text\">(1898-1982)<\/p><\/div>\r\n<h3 style=\"text-align: center;\"><a href=\"http:\/\/sculpture1940.com\/wp-content\/uploads\/2018\/03\/BELMONDO-Paul.pdf\">Lire<\/a><\/h3>\t\t\t\t\t\t  <\/div>\r\n\t\t\t\t\t\t   \r\n\t\t\t\t\t\t<\/div>\r\n\t\t\t\t\t<\/div>\r\n\t\t\t\t\t\t\t\t\t\t<div class=\" wpsm_col-md-6 wpsm_col-sm-6 infobox_singel_box\">\r\n\t\t\t\t\t\t<div class=\"wpsm_panel wpsm_panel-default wpsm_panel_default_142 \">\r\n\t\t\t\t\t\t  \r\n\t\t\t\t\t\t  <div class=\"wpsm_panel-heading\">\r\n\t\t\t\t\t\t\t<h3 class=\"wpsm_panel-title\">\r\n\t\t\t\t\t\t\tGIMOND Marcel<\/h3>\r\n\t\t\t\t\t\t  <\/div> \r\n\t\t\t\t\t\t\t\t\t\t\t\t \r\n\t\t\t\t\t\t <div class=\"wpsm_panel-body\">\r\n\t\t\t\t\t\t\t<div id=\"attachment_340\" style=\"width: 160px\" class=\"wp-caption aligncenter\"><img aria-describedby=\"caption-attachment-340\" class=\"wp-image-340 size-thumbnail colorbox-142\" src=\"http:\/\/sculpture1940.com\/wp-content\/uploads\/2018\/02\/gimond2-e1519425250284-150x150.jpg\" alt=\"\" width=\"150\" height=\"150\" \/><p id=\"caption-attachment-340\" class=\"wp-caption-text\">(1894-1961)<\/p><\/div>\r\n<h3 style=\"text-align: center;\"><a href=\"http:\/\/sculpture1940.com\/wp-content\/uploads\/2018\/03\/Marcel-GIMOND.pdf\">Lire<\/a><\/h3>\t\t\t\t\t\t  <\/div>\r\n\t\t\t\t\t\t   \r\n\t\t\t\t\t\t<\/div>\r\n\t\t\t\t\t<\/div>\r\n\t\t\t\t\t\t\t\t\t\t\t<\/div>\r\n\t\t\t\t\t\t<div class=\"wpsm_row\">\r\n\t\t\t\t\t\t\t\t\t\t\t<\/div>\r\n\t\t\t\t<\/div>\r\n\t\t\t\t\r\n\t\t\t\t\r\n\t\t\t\n<p><span style=\"font-size: 10pt;\"><span style=\"color: #808080;\"><span style=\"font-family: 'Times New Roman', Times;\"><em>&#8220;\u00catre intelligent, c&#8217;est \u00eatre m\u00e9fiant, m\u00eame \u00e0 l&#8217;\u00e9gard de soi-m\u00eame&#8230;&#8221;\u00a0\u00a0<\/em><\/span><\/span><\/span><\/p>\n<p><span style=\"font-size: 10pt;\"><span style=\"color: #808080;\"><span style=\"font-family: 'Times New Roman', Times;\"><em>Paul L\u00e9autaud.<\/em><\/span><\/span><\/span><\/p>\n<h2><\/h2>\n","protected":false},"excerpt":{"rendered":"<p>&#8220;\u00catre intelligent, c&#8217;est \u00eatre m\u00e9fiant, m\u00eame \u00e0 l&#8217;\u00e9gard de soi-m\u00eame&#8230;&#8221;\u00a0\u00a0 Paul L\u00e9autaud.<\/p>\n","protected":false},"author":1,"featured_media":580,"parent":0,"menu_order":0,"comment_status":"closed","ping_status":"closed","template":"","meta":[],"yoast_head":"<!-- This site is optimized with the Yoast SEO plugin v15.4 - https:\/\/yoast.com\/wordpress\/plugins\/seo\/ -->\n<meta name=\"robots\" content=\"index, follow, max-snippet:-1, max-image-preview:large, max-video-preview:-1\" \/>\n<link rel=\"canonical\" href=\"https:\/\/sculpture1940.com\/?page_id=12\" \/>\n<meta property=\"og:locale\" content=\"fr_FR\" \/>\n<meta property=\"og:type\" content=\"article\" \/>\n<meta property=\"og:title\" content=\"BIOGRAPHIES | Sculpture1940.com\" \/>\n<meta property=\"og:description\" content=\"&#8220;\u00catre intelligent, c&#8217;est \u00eatre m\u00e9fiant, m\u00eame \u00e0 l&#8217;\u00e9gard de soi-m\u00eame&#8230;&#8221;\u00a0\u00a0 Paul L\u00e9autaud.\" \/>\n<meta property=\"og:url\" content=\"https:\/\/sculpture1940.com\/?page_id=12\" \/>\n<meta property=\"og:site_name\" content=\"Sculpture1940.com\" \/>\n<meta property=\"article:modified_time\" content=\"2019-07-07T20:41:46+00:00\" \/>\n<meta property=\"og:image\" content=\"https:\/\/sculpture1940.com\/wp-content\/uploads\/2018\/02\/3-1.jpg\" \/>\n\t<meta property=\"og:image:width\" content=\"940\" \/>\n\t<meta property=\"og:image:height\" content=\"575\" \/>\n<meta name=\"twitter:card\" content=\"summary_large_image\" \/>\n<meta name=\"twitter:label1\" content=\"\u00c9crit par\">\n\t<meta name=\"twitter:data1\" content=\"bernard\">\n\t<meta name=\"twitter:label2\" content=\"Dur\u00e9e de lecture est.\">\n\t<meta name=\"twitter:data2\" content=\"0 minute\">\n<script type=\"application\/ld+json\" class=\"yoast-schema-graph\">{\"@context\":\"https:\/\/schema.org\",\"@graph\":[{\"@type\":[\"Person\",\"Organization\"],\"@id\":\"http:\/\/sculpture1940.com\/#\/schema\/person\/ecd8ba270a557adb0d9508c44f41637c\",\"name\":\"bernard\",\"image\":{\"@type\":\"ImageObject\",\"@id\":\"http:\/\/sculpture1940.com\/#personlogo\",\"inLanguage\":\"fr-FR\",\"url\":\"https:\/\/secure.gravatar.com\/avatar\/e761ef65ec5628d5e6d2ea811a7afc64?s=96&d=mm&r=g\",\"caption\":\"bernard\"},\"logo\":{\"@id\":\"http:\/\/sculpture1940.com\/#personlogo\"}},{\"@type\":\"WebSite\",\"@id\":\"http:\/\/sculpture1940.com\/#website\",\"url\":\"http:\/\/sculpture1940.com\/\",\"name\":\"Sculpture1940.com\",\"description\":\"La sculpture de l&#039;entre-deux guerres\",\"publisher\":{\"@id\":\"http:\/\/sculpture1940.com\/#\/schema\/person\/ecd8ba270a557adb0d9508c44f41637c\"},\"potentialAction\":[{\"@type\":\"SearchAction\",\"target\":\"http:\/\/sculpture1940.com\/?s={search_term_string}\",\"query-input\":\"required name=search_term_string\"}],\"inLanguage\":\"fr-FR\"},{\"@type\":\"ImageObject\",\"@id\":\"https:\/\/sculpture1940.com\/?page_id=12#primaryimage\",\"inLanguage\":\"fr-FR\",\"url\":\"https:\/\/sculpture1940.com\/wp-content\/uploads\/2018\/02\/3-1.jpg\",\"width\":940,\"height\":575},{\"@type\":\"WebPage\",\"@id\":\"https:\/\/sculpture1940.com\/?page_id=12#webpage\",\"url\":\"https:\/\/sculpture1940.com\/?page_id=12\",\"name\":\"BIOGRAPHIES | Sculpture1940.com\",\"isPartOf\":{\"@id\":\"http:\/\/sculpture1940.com\/#website\"},\"primaryImageOfPage\":{\"@id\":\"https:\/\/sculpture1940.com\/?page_id=12#primaryimage\"},\"datePublished\":\"2018-02-17T19:56:05+00:00\",\"dateModified\":\"2019-07-07T20:41:46+00:00\",\"inLanguage\":\"fr-FR\",\"potentialAction\":[{\"@type\":\"ReadAction\",\"target\":[\"https:\/\/sculpture1940.com\/?page_id=12\"]}]}]}<\/script>\n<!-- \/ Yoast SEO plugin. -->","_links":{"self":[{"href":"https:\/\/sculpture1940.com\/index.php?rest_route=\/wp\/v2\/pages\/12"}],"collection":[{"href":"https:\/\/sculpture1940.com\/index.php?rest_route=\/wp\/v2\/pages"}],"about":[{"href":"https:\/\/sculpture1940.com\/index.php?rest_route=\/wp\/v2\/types\/page"}],"author":[{"embeddable":true,"href":"https:\/\/sculpture1940.com\/index.php?rest_route=\/wp\/v2\/users\/1"}],"replies":[{"embeddable":true,"href":"https:\/\/sculpture1940.com\/index.php?rest_route=%2Fwp%2Fv2%2Fcomments&post=12"}],"version-history":[{"count":52,"href":"https:\/\/sculpture1940.com\/index.php?rest_route=\/wp\/v2\/pages\/12\/revisions"}],"predecessor-version":[{"id":1239,"href":"https:\/\/sculpture1940.com\/index.php?rest_route=\/wp\/v2\/pages\/12\/revisions\/1239"}],"wp:featuredmedia":[{"embeddable":true,"href":"https:\/\/sculpture1940.com\/index.php?rest_route=\/wp\/v2\/media\/580"}],"wp:attachment":[{"href":"https:\/\/sculpture1940.com\/index.php?rest_route=%2Fwp%2Fv2%2Fmedia&parent=12"}],"curies":[{"name":"wp","href":"https:\/\/api.w.org\/{rel}","templated":true}]}}